{"id":2652,"date":"2015-12-22T20:52:27","date_gmt":"2015-12-22T20:52:27","guid":{"rendered":"https:\/\/printerguys.eu\/da\/?page_id=2652"},"modified":"2023-02-20T14:19:14","modified_gmt":"2023-02-20T13:19:14","slug":"jobs","status":"publish","type":"page","link":"https:\/\/vlxb7zk77x3.c.updraftclone.com\/da\/om-os-der-lejer-kopimaskiner-ud\/jobs\/","title":{"rendered":"Jobs"},"content":{"rendered":"<p><div class=\"fusion-fullwidth fullwidth-box fusion-builder-row-1 fusion-flex-container section-blue no-top-padding nonhundred-percent-fullwidth non-hundred-percent-height-scrolling\" style=\"--awb-background-position:center top;--awb-border-radius-top-left:0px;--awb-border-radius-top-right:0px;--awb-border-radius-bottom-right:0px;--awb-border-radius-bottom-left:0px;--awb-padding-top:25px;--awb-padding-bottom:30px;--awb-border-sizes-top:0px;--awb-border-sizes-bottom:0px;\" ><div class=\"fusion-builder-row fusion-row fusion-flex-align-items-flex-start\" style=\"max-width:calc( 1300px + 0px );margin-left: calc(-0px \/ 2 );margin-right: calc(-0px \/ 2 );\"><div class=\"fusion-layout-column fusion_builder_column fusion-builder-column-0 fusion_builder_column_1_1 1_1 fusion-flex-column forside-h1 fusion-animated\" style=\"--awb-bg-size:cover;--awb-width-large:100%;--awb-margin-top-large:0px;--awb-spacing-right-large:0px;--awb-margin-bottom-large:0px;--awb-spacing-left-large:0px;--awb-width-medium:100%;--awb-spacing-right-medium:0px;--awb-spacing-left-medium:0px;--awb-width-small:100%;--awb-spacing-right-small:0px;--awb-spacing-left-small:0px;\" data-animationType=\"fadeInDown\" data-animationDuration=\"0.2\" data-animationOffset=\"top-into-view\"><div class=\"fusion-column-wrapper fusion-flex-justify-content-flex-start fusion-content-layout-column\"><div class=\"fusion-text fusion-text-1\"><h1 style=\"text-align: center;\"><span style=\"color: #ffffff;\">Vi er ofte p\u00e5 udkig efter nye, dygtige medarbejdere.<\/span><\/h1>\n<h3 style=\"text-align: center;\"><span style=\"color: #ffffff;\">Se ledige stillinger nedenfor og bliv en del af holdet.<\/span><\/h3>\n<\/div><\/div><\/div><\/div><\/div><div class=\"fusion-fullwidth fullwidth-box fusion-builder-row-2 fusion-flex-container nonhundred-percent-fullwidth non-hundred-percent-height-scrolling\" style=\"--awb-background-position:left top;--awb-border-radius-top-left:0px;--awb-border-radius-top-right:0px;--awb-border-radius-bottom-right:0px;--awb-border-radius-bottom-left:0px;--awb-padding-top:100px;--awb-padding-right:0px;--awb-padding-bottom:20px;--awb-padding-left:0px;--awb-border-sizes-top:0px;--awb-border-sizes-bottom:0px;\" ><div class=\"fusion-builder-row fusion-row fusion-flex-align-items-flex-start\" style=\"max-width:calc( 1300px + 0px );margin-left: calc(-0px \/ 2 );margin-right: calc(-0px \/ 2 );\"><div class=\"fusion-layout-column fusion_builder_column fusion-builder-column-1 fusion_builder_column_1_1 1_1 fusion-flex-column fusion-flex-align-self-flex-start fusion-column-no-min-height\" style=\"--awb-bg-size:cover;--awb-width-large:100%;--awb-margin-top-large:0px;--awb-spacing-right-large:0px;--awb-margin-bottom-large:0px;--awb-spacing-left-large:0px;--awb-width-medium:100%;--awb-spacing-right-medium:0px;--awb-spacing-left-medium:0px;--awb-width-small:100%;--awb-spacing-right-small:0px;--awb-spacing-left-small:0px;\"><div class=\"fusion-column-wrapper fusion-flex-justify-content-flex-start fusion-content-layout-column\"><div class=\"fusion-text fusion-text-2\"><p style=\"text-align: center;\">Ingen ledige stillinger<\/p>\n<\/div><div class=\"fusion-separator fusion-full-width-sep\" style=\"align-self: center;margin-left: auto;margin-right: auto;margin-top:50px;width:100%;\"><\/div><\/div><\/div><\/div><\/div><div class=\"fusion-fullwidth fullwidth-box fusion-builder-row-3 fusion-flex-container dontshow nonhundred-percent-fullwidth non-hundred-percent-height-scrolling\" style=\"--awb-background-position:left top;--awb-border-radius-top-left:0px;--awb-border-radius-top-right:0px;--awb-border-radius-bottom-right:0px;--awb-border-radius-bottom-left:0px;--awb-padding-top:100px;--awb-padding-right:0px;--awb-padding-bottom:20px;--awb-padding-left:0px;--awb-border-sizes-top:0px;--awb-border-sizes-bottom:0px;\" ><div class=\"fusion-builder-row fusion-row fusion-flex-align-items-flex-start\" style=\"max-width:calc( 1300px + 0px );margin-left: calc(-0px \/ 2 );margin-right: calc(-0px \/ 2 );\"><div class=\"fusion-layout-column fusion_builder_column fusion-builder-column-2 fusion_builder_column_1_1 1_1 fusion-flex-column fusion-flex-align-self-flex-start fusion-column-no-min-height\" style=\"--awb-bg-size:cover;--awb-width-large:100%;--awb-margin-top-large:0px;--awb-spacing-right-large:0px;--awb-margin-bottom-large:0px;--awb-spacing-left-large:0px;--awb-width-medium:100%;--awb-spacing-right-medium:0px;--awb-spacing-left-medium:0px;--awb-width-small:100%;--awb-spacing-right-small:0px;--awb-spacing-left-small:0px;\"><div class=\"fusion-column-wrapper fusion-flex-justify-content-flex-start fusion-content-layout-column\"><div class=\"fusion-text fusion-text-3\"><p style=\"text-align: center;\">Oprettet: 5. januar 2023<\/p>\n<p style=\"text-align: center;\"><a href=\"\/?page_id=11882\">IT-supporter, der motiveres af kundekontakten<\/a><\/p>\n<\/div><div class=\"fusion-separator fusion-full-width-sep\" style=\"align-self: center;margin-left: auto;margin-right: auto;margin-top:50px;width:100%;\"><\/div><\/div><\/div><\/div><\/div><div class=\"fusion-fullwidth fullwidth-box fusion-builder-row-4 fusion-flex-container section-green nonhundred-percent-fullwidth non-hundred-percent-height-scrolling\" style=\"--awb-background-position:left top;--awb-background-repeat:repeat-x;--awb-border-sizes-top:0px;--awb-border-sizes-bottom:0px;--awb-border-sizes-left:0px;--awb-border-sizes-right:0px;--awb-border-radius-top-left:0px;--awb-border-radius-top-right:0px;--awb-border-radius-bottom-right:0px;--awb-border-radius-bottom-left:0px;--awb-padding-top:40px;--awb-padding-right:0px;--awb-padding-bottom:20px;--awb-padding-left:0px;\" ><div class=\"fusion-builder-row fusion-row fusion-flex-align-items-flex-start\" style=\"max-width:1352px;margin-left: calc(-4% \/ 2 );margin-right: calc(-4% \/ 2 );\"><div class=\"fusion-layout-column fusion_builder_column fusion-builder-column-3 fusion_builder_column_1_1 1_1 fusion-flex-column\" style=\"--awb-bg-size:cover;--awb-width-large:100%;--awb-margin-top-large:0px;--awb-spacing-right-large:1.92%;--awb-margin-bottom-large:0px;--awb-spacing-left-large:1.92%;--awb-width-medium:100%;--awb-spacing-right-medium:1.92%;--awb-spacing-left-medium:1.92%;--awb-width-small:100%;--awb-spacing-right-small:1.92%;--awb-spacing-left-small:1.92%;\"><div class=\"fusion-column-wrapper fusion-flex-justify-content-flex-start fusion-content-layout-column\"><div class=\"fusion-text fusion-text-4\"><h2 style=\"text-align: center; font-size: 46px!important;\"><span style=\"color: #ffffff;\">Har du sp\u00f8rgsm\u00e5l?<\/span><\/h2>\n<h3 style=\"text-align: center;\"><span style=\"color: #ffffff;\">Kontakt os p\u00e5 tlf. 7022 5585<\/span><br \/>\n<span style=\"color: #ffffff;\">eller skriv til <a style=\"color: #ffffff;\" href=\"mailto:info@printerguys.dk\">info@printerguys.dk<\/a><\/span><\/h3>\n<\/div><div class=\"fusion-text fusion-text-5\"><div class=\"carsten\"><\/div>\n<\/div><div class=\"fusion-text fusion-text-6\"><div class=\"carsten\"><\/div>\n<\/div><\/div><\/div><\/div><\/div>\n<\/p>\n","protected":false},"excerpt":{"rendered":"","protected":false},"author":3,"featured_media":0,"parent":417,"menu_order":0,"comment_status":"closed","ping_status":"open","template":"100-width.php","meta":{"footnotes":""},"yoast_head":"<!-- This site is optimized with the Yoast SEO plugin v24.4 - https:\/\/yoast.com\/wordpress\/plugins\/seo\/ -->\n<title>Her finder du ledige jobs hos PrinterGuys A\/S<\/title>\n<meta name=\"description\" content=\"Netop nu s\u00f8ger vi en udadvendt servicetekniker til at g\u00f8re vores kunder glade og tilfredse. Du skal lave service p\u00e5 vores kopimaskiner og printere.\" \/>\n<meta name=\"robots\" content=\"noindex, follow\" \/>\n<meta property=\"og:locale\" content=\"da_DK\" \/>\n<meta property=\"og:type\" content=\"article\" \/>\n<meta property=\"og:title\" content=\"Her finder du ledige jobs hos PrinterGuys A\/S\" \/>\n<meta property=\"og:description\" content=\"Netop nu s\u00f8ger vi en udadvendt servicetekniker til at g\u00f8re vores kunder glade og tilfredse. Du skal lave service p\u00e5 vores kopimaskiner og printere.\" \/>\n<meta property=\"og:url\" content=\"https:\/\/vlxb7zk77x3.c.updraftclone.com\/om-os-der-lejer-kopimaskiner-ud\/jobs\/\" \/>\n<meta property=\"og:site_name\" content=\"PrinterGuys\" \/>\n<meta property=\"article:publisher\" content=\"https:\/\/www.facebook.com\/printerguys\" \/>\n<meta property=\"article:modified_time\" content=\"2023-02-20T13:19:14+00:00\" \/>\n<meta property=\"og:image\" content=\"https:\/\/vlxb7zk77x3.c.updraftclone.com\/wp-content\/uploads\/OG-DK.jpg\" \/>\n\t<meta property=\"og:image:width\" content=\"1200\" \/>\n\t<meta property=\"og:image:height\" content=\"630\" \/>\n\t<meta property=\"og:image:type\" content=\"image\/jpeg\" \/>\n<meta name=\"twitter:card\" content=\"summary_large_image\" \/>\n<meta name=\"twitter:label1\" content=\"Estimeret l\u00e6setid\" \/>\n\t<meta name=\"twitter:data1\" content=\"3 minutter\" \/>\n<script type=\"application\/ld+json\" class=\"yoast-schema-graph\">{\"@context\":\"https:\/\/schema.org\",\"@graph\":[{\"@type\":\"WebPage\",\"@id\":\"https:\/\/vlxb7zk77x3.c.updraftclone.com\/om-os-der-lejer-kopimaskiner-ud\/jobs\/\",\"url\":\"https:\/\/vlxb7zk77x3.c.updraftclone.com\/om-os-der-lejer-kopimaskiner-ud\/jobs\/\",\"name\":\"Her finder du ledige jobs hos PrinterGuys A\/S\",\"isPartOf\":{\"@id\":\"https:\/\/vlxb7zk77x3.c.updraftclone.com\/#website\"},\"datePublished\":\"2015-12-22T20:52:27+00:00\",\"dateModified\":\"2023-02-20T13:19:14+00:00\",\"description\":\"Netop nu s\u00f8ger vi en udadvendt servicetekniker til at g\u00f8re vores kunder glade og tilfredse. Du skal lave service p\u00e5 vores kopimaskiner og printere.\",\"breadcrumb\":{\"@id\":\"https:\/\/vlxb7zk77x3.c.updraftclone.com\/om-os-der-lejer-kopimaskiner-ud\/jobs\/#breadcrumb\"},\"inLanguage\":\"da-DK\",\"potentialAction\":[{\"@type\":\"ReadAction\",\"target\":[\"https:\/\/vlxb7zk77x3.c.updraftclone.com\/om-os-der-lejer-kopimaskiner-ud\/jobs\/\"]}]},{\"@type\":\"BreadcrumbList\",\"@id\":\"https:\/\/vlxb7zk77x3.c.updraftclone.com\/om-os-der-lejer-kopimaskiner-ud\/jobs\/#breadcrumb\",\"itemListElement\":[{\"@type\":\"ListItem\",\"position\":1,\"name\":\"Home\",\"item\":\"https:\/\/vlxb7zk77x3.c.updraftclone.com\/\"},{\"@type\":\"ListItem\",\"position\":2,\"name\":\"Om os\",\"item\":\"https:\/\/vlxb7zk77x3.c.updraftclone.com\/om-os-der-lejer-kopimaskiner-ud\/\"},{\"@type\":\"ListItem\",\"position\":3,\"name\":\"Jobs\"}]},{\"@type\":\"WebSite\",\"@id\":\"https:\/\/vlxb7zk77x3.c.updraftclone.com\/#website\",\"url\":\"https:\/\/vlxb7zk77x3.c.updraftclone.com\/\",\"name\":\"PrinterGuys\",\"description\":\"\",\"publisher\":{\"@id\":\"https:\/\/vlxb7zk77x3.c.updraftclone.com\/#organization\"},\"potentialAction\":[{\"@type\":\"SearchAction\",\"target\":{\"@type\":\"EntryPoint\",\"urlTemplate\":\"https:\/\/vlxb7zk77x3.c.updraftclone.com\/?s={search_term_string}\"},\"query-input\":{\"@type\":\"PropertyValueSpecification\",\"valueRequired\":true,\"valueName\":\"search_term_string\"}}],\"inLanguage\":\"da-DK\"},{\"@type\":\"Organization\",\"@id\":\"https:\/\/vlxb7zk77x3.c.updraftclone.com\/#organization\",\"name\":\"PrinterGuys\",\"url\":\"https:\/\/vlxb7zk77x3.c.updraftclone.com\/\",\"logo\":{\"@type\":\"ImageObject\",\"inLanguage\":\"da-DK\",\"@id\":\"https:\/\/vlxb7zk77x3.c.updraftclone.com\/#\/schema\/logo\/image\/\",\"url\":\"http:\/\/vlxb7zk77x3.c.updraftclone.com\/wp-content\/uploads\/PG-Yoast.jpg\",\"contentUrl\":\"http:\/\/vlxb7zk77x3.c.updraftclone.com\/wp-content\/uploads\/PG-Yoast.jpg\",\"width\":696,\"height\":696,\"caption\":\"PrinterGuys\"},\"image\":{\"@id\":\"https:\/\/vlxb7zk77x3.c.updraftclone.com\/#\/schema\/logo\/image\/\"},\"sameAs\":[\"https:\/\/www.facebook.com\/printerguys\",\"https:\/\/www.linkedin.com\/company\/9422767\"]}]}<\/script>\n<!-- \/ Yoast SEO plugin. -->","yoast_head_json":{"title":"Her finder du ledige jobs hos PrinterGuys A\/S","description":"Netop nu s\u00f8ger vi en udadvendt servicetekniker til at g\u00f8re vores kunder glade og tilfredse. Du skal lave service p\u00e5 vores kopimaskiner og printere.","robots":{"index":"noindex","follow":"follow"},"og_locale":"da_DK","og_type":"article","og_title":"Her finder du ledige jobs hos PrinterGuys A\/S","og_description":"Netop nu s\u00f8ger vi en udadvendt servicetekniker til at g\u00f8re vores kunder glade og tilfredse. Du skal lave service p\u00e5 vores kopimaskiner og printere.","og_url":"https:\/\/vlxb7zk77x3.c.updraftclone.com\/om-os-der-lejer-kopimaskiner-ud\/jobs\/","og_site_name":"PrinterGuys","article_publisher":"https:\/\/www.facebook.com\/printerguys","article_modified_time":"2023-02-20T13:19:14+00:00","og_image":[{"width":1200,"height":630,"url":"https:\/\/vlxb7zk77x3.c.updraftclone.com\/wp-content\/uploads\/OG-DK.jpg","type":"image\/jpeg"}],"twitter_card":"summary_large_image","twitter_misc":{"Estimeret l\u00e6setid":"3 minutter"},"schema":{"@context":"https:\/\/schema.org","@graph":[{"@type":"WebPage","@id":"https:\/\/vlxb7zk77x3.c.updraftclone.com\/om-os-der-lejer-kopimaskiner-ud\/jobs\/","url":"https:\/\/vlxb7zk77x3.c.updraftclone.com\/om-os-der-lejer-kopimaskiner-ud\/jobs\/","name":"Her finder du ledige jobs hos PrinterGuys A\/S","isPartOf":{"@id":"https:\/\/vlxb7zk77x3.c.updraftclone.com\/#website"},"datePublished":"2015-12-22T20:52:27+00:00","dateModified":"2023-02-20T13:19:14+00:00","description":"Netop nu s\u00f8ger vi en udadvendt servicetekniker til at g\u00f8re vores kunder glade og tilfredse. Du skal lave service p\u00e5 vores kopimaskiner og printere.","breadcrumb":{"@id":"https:\/\/vlxb7zk77x3.c.updraftclone.com\/om-os-der-lejer-kopimaskiner-ud\/jobs\/#breadcrumb"},"inLanguage":"da-DK","potentialAction":[{"@type":"ReadAction","target":["https:\/\/vlxb7zk77x3.c.updraftclone.com\/om-os-der-lejer-kopimaskiner-ud\/jobs\/"]}]},{"@type":"BreadcrumbList","@id":"https:\/\/vlxb7zk77x3.c.updraftclone.com\/om-os-der-lejer-kopimaskiner-ud\/jobs\/#breadcrumb","itemListElement":[{"@type":"ListItem","position":1,"name":"Home","item":"https:\/\/vlxb7zk77x3.c.updraftclone.com\/"},{"@type":"ListItem","position":2,"name":"Om os","item":"https:\/\/vlxb7zk77x3.c.updraftclone.com\/om-os-der-lejer-kopimaskiner-ud\/"},{"@type":"ListItem","position":3,"name":"Jobs"}]},{"@type":"WebSite","@id":"https:\/\/vlxb7zk77x3.c.updraftclone.com\/#website","url":"https:\/\/vlxb7zk77x3.c.updraftclone.com\/","name":"PrinterGuys","description":"","publisher":{"@id":"https:\/\/vlxb7zk77x3.c.updraftclone.com\/#organization"},"potentialAction":[{"@type":"SearchAction","target":{"@type":"EntryPoint","urlTemplate":"https:\/\/vlxb7zk77x3.c.updraftclone.com\/?s={search_term_string}"},"query-input":{"@type":"PropertyValueSpecification","valueRequired":true,"valueName":"search_term_string"}}],"inLanguage":"da-DK"},{"@type":"Organization","@id":"https:\/\/vlxb7zk77x3.c.updraftclone.com\/#organization","name":"PrinterGuys","url":"https:\/\/vlxb7zk77x3.c.updraftclone.com\/","logo":{"@type":"ImageObject","inLanguage":"da-DK","@id":"https:\/\/vlxb7zk77x3.c.updraftclone.com\/#\/schema\/logo\/image\/","url":"http:\/\/vlxb7zk77x3.c.updraftclone.com\/wp-content\/uploads\/PG-Yoast.jpg","contentUrl":"http:\/\/vlxb7zk77x3.c.updraftclone.com\/wp-content\/uploads\/PG-Yoast.jpg","width":696,"height":696,"caption":"PrinterGuys"},"image":{"@id":"https:\/\/vlxb7zk77x3.c.updraftclone.com\/#\/schema\/logo\/image\/"},"sameAs":["https:\/\/www.facebook.com\/printerguys","https:\/\/www.linkedin.com\/company\/9422767"]}]}},"_links":{"self":[{"href":"https:\/\/vlxb7zk77x3.c.updraftclone.com\/da\/wp-json\/wp\/v2\/pages\/2652"}],"collection":[{"href":"https:\/\/vlxb7zk77x3.c.updraftclone.com\/da\/wp-json\/wp\/v2\/pages"}],"about":[{"href":"https:\/\/vlxb7zk77x3.c.updraftclone.com\/da\/wp-json\/wp\/v2\/types\/page"}],"author":[{"embeddable":true,"href":"https:\/\/vlxb7zk77x3.c.updraftclone.com\/da\/wp-json\/wp\/v2\/users\/3"}],"replies":[{"embeddable":true,"href":"https:\/\/vlxb7zk77x3.c.updraftclone.com\/da\/wp-json\/wp\/v2\/comments?post=2652"}],"version-history":[{"count":8,"href":"https:\/\/vlxb7zk77x3.c.updraftclone.com\/da\/wp-json\/wp\/v2\/pages\/2652\/revisions"}],"predecessor-version":[{"id":14079,"href":"https:\/\/vlxb7zk77x3.c.updraftclone.com\/da\/wp-json\/wp\/v2\/pages\/2652\/revisions\/14079"}],"up":[{"embeddable":true,"href":"https:\/\/vlxb7zk77x3.c.updraftclone.com\/da\/wp-json\/wp\/v2\/pages\/417"}],"wp:attachment":[{"href":"https:\/\/vlxb7zk77x3.c.updraftclone.com\/da\/wp-json\/wp\/v2\/media?parent=2652"}],"curies":[{"name":"wp","href":"https:\/\/api.w.org\/{rel}","templated":true}]}}