{"id":4766,"date":"2017-01-30T12:18:13","date_gmt":"2017-01-30T11:18:13","guid":{"rendered":"https:\/\/printerguys.eu\/da\/?page_id=4766"},"modified":"2020-12-21T22:38:09","modified_gmt":"2020-12-21T21:38:09","slug":"samarbejdspartnere","status":"publish","type":"page","link":"https:\/\/vlxb7zk77x3.c.updraftclone.com\/da\/om-os-der-lejer-kopimaskiner-ud\/samarbejdspartnere\/","title":{"rendered":"Samarbejdspartnere"},"content":{"rendered":"<p><div class=\"fusion-fullwidth fullwidth-box fusion-builder-row-1 fusion-flex-container section-blue no-top-padding nonhundred-percent-fullwidth non-hundred-percent-height-scrolling\" style=\"--awb-background-position:center top;--awb-border-radius-top-left:0px;--awb-border-radius-top-right:0px;--awb-border-radius-bottom-right:0px;--awb-border-radius-bottom-left:0px;--awb-padding-top:25px;--awb-padding-bottom:0px;--awb-border-sizes-top:0px;--awb-border-sizes-bottom:0px;\" ><div class=\"fusion-builder-row fusion-row fusion-flex-align-items-flex-start\" style=\"max-width:calc( 1300px + 0px );margin-left: calc(-0px \/ 2 );margin-right: calc(-0px \/ 2 );\"><div class=\"fusion-layout-column fusion_builder_column fusion-builder-column-0 fusion_builder_column_1_1 1_1 fusion-flex-column forside-h1 fusion-animated\" style=\"--awb-bg-size:cover;--awb-width-large:100%;--awb-margin-top-large:0px;--awb-spacing-right-large:0px;--awb-margin-bottom-large:0px;--awb-spacing-left-large:0px;--awb-width-medium:100%;--awb-spacing-right-medium:0px;--awb-spacing-left-medium:0px;--awb-width-small:100%;--awb-spacing-right-small:0px;--awb-spacing-left-small:0px;\" data-animationType=\"fadeInDown\" data-animationDuration=\"0.2\" data-animationOffset=\"top-into-view\"><div class=\"fusion-column-wrapper fusion-flex-justify-content-flex-start fusion-content-layout-column\"><div class=\"fusion-text fusion-text-1\"><h1 style=\"text-align: center;\"><span style=\"color: #ffffff;\">PrinterGuys samarbejder med<br \/>\nIT-forhandlere over hele landet.<\/span><\/h1>\n<\/div><div class=\"fusion-image-element \" style=\"text-align:center;--awb-caption-title-size:var(--h2_typography-font-size);--awb-caption-title-transform:var(--h2_typography-text-transform);--awb-caption-title-line-height:var(--h2_typography-line-height);--awb-caption-title-letter-spacing:var(--h2_typography-letter-spacing);\"><span class=\" fusion-imageframe imageframe-none imageframe-1 hover-type-none\"><img decoding=\"async\" src=\"http:\/\/vlxb7zk77x3.c.updraftclone.com\/wp-content\/uploads\/samarbejdspartnere.png\" alt class=\"img-responsive\"\/><\/span><\/div><\/div><\/div><\/div><\/div><div class=\"fusion-fullwidth fullwidth-box fusion-builder-row-2 fusion-flex-container nonhundred-percent-fullwidth non-hundred-percent-height-scrolling\" style=\"--awb-background-position:left top;--awb-border-radius-top-left:0px;--awb-border-radius-top-right:0px;--awb-border-radius-bottom-right:0px;--awb-border-radius-bottom-left:0px;--awb-padding-top:30px;--awb-padding-right:0px;--awb-padding-bottom:20px;--awb-padding-left:0px;--awb-background-color:#efefef;--awb-border-sizes-top:0px;--awb-border-sizes-bottom:0px;\" ><div class=\"fusion-builder-row fusion-row fusion-flex-align-items-flex-start\" style=\"max-width:calc( 1300px + 0px );margin-left: calc(-0px \/ 2 );margin-right: calc(-0px \/ 2 );\"><div class=\"fusion-layout-column fusion_builder_column fusion-builder-column-1 fusion_builder_column_1_1 1_1 fusion-flex-column fusion-flex-align-self-flex-start fusion-column-no-min-height\" style=\"--awb-bg-size:cover;--awb-width-large:100%;--awb-margin-top-large:0px;--awb-spacing-right-large:0px;--awb-margin-bottom-large:0px;--awb-spacing-left-large:0px;--awb-width-medium:100%;--awb-spacing-right-medium:0px;--awb-spacing-left-medium:0px;--awb-width-small:100%;--awb-spacing-right-small:0px;--awb-spacing-left-small:0px;\"><div class=\"fusion-column-wrapper fusion-flex-justify-content-flex-start fusion-content-layout-column\"><div class=\"fusion-text fusion-text-2\"><p class=\"p1\" style=\"text-align: left;\">Som kunde kan du opleve, at din nye kopimaskine bliver leveret af PrinterGuys, mens installationen p\u00e5 dine computere fortages af en lokal IT-forhandler. Det giver merv\u00e6rdi for vores kunder. Der kan nemlig opst\u00e5 uforudsete problemer ved installationen af kopimaskinen, og s\u00e5 er det vigtigt, at det er en tekniker med de helt rette kompetencer, som er p\u00e5 stedet. Du er derfor velkommen til at kontakte vores IT-samarbejdspartnere, hvis du vil have IT-hj\u00e6lp p\u00e5 den lange bane.<\/p>\n<\/div><\/div><\/div><\/div><\/div><div class=\"fusion-fullwidth fullwidth-box fusion-builder-row-3 fusion-flex-container hundred-percent-fullwidth non-hundred-percent-height-scrolling\" style=\"--awb-border-radius-top-left:0px;--awb-border-radius-top-right:0px;--awb-border-radius-bottom-right:0px;--awb-border-radius-bottom-left:0px;--awb-overflow:visible;--awb-padding-right:30px;--awb-padding-left:30px;\" ><div class=\"fusion-builder-row fusion-row fusion-flex-align-items-flex-start\" style=\"width:calc( 100% + 0px ) !important;max-width:calc( 100% + 0px ) !important;margin-left: calc(-0px \/ 2 );margin-right: calc(-0px \/ 2 );\"><div class=\"fusion-layout-column fusion_builder_column fusion-builder-column-2 fusion_builder_column_1_1 1_1 fusion-flex-column fusion-flex-align-self-flex-start fusion-column-no-min-height\" style=\"--awb-bg-size:cover;--awb-width-large:100%;--awb-margin-top-large:0px;--awb-spacing-right-large:0px;--awb-margin-bottom-large:0px;--awb-spacing-left-large:0px;--awb-width-medium:100%;--awb-spacing-right-medium:0px;--awb-spacing-left-medium:0px;--awb-width-small:100%;--awb-spacing-right-small:0px;--awb-spacing-left-small:0px;\"><div class=\"fusion-column-wrapper fusion-flex-justify-content-flex-start fusion-content-layout-column\"><div class=\"fusion-section-separator section-separator triangle fusion-section-separator-1\" style=\"--awb-border-bottom:0px solid #efefef;--awb-spacer-height:0px;--awb-svg-margin-left:0px;--awb-svg-margin-right:0px;--awb-svg-margin-left-medium:0px;--awb-svg-margin-right-medium:0px;--awb-svg-margin-left-small:0px;--awb-svg-margin-right-small:0px;--awb-icon-color:#efefef;\"><div class=\"fusion-section-separator-svg\"><div class=\"divider-candy-arrow bottom\" style=\"top:0px;border-top-color: #efefef;\"><\/div><div class=\"divider-candy bottom\" style=\"bottom:-20px;border-bottom:1px solid #efefef;border-left:1px solid #efefef;\"><\/div><\/div><div class=\"fusion-section-separator-spacer\"><div class=\"fusion-section-separator-spacer-height\"><\/div><\/div><\/div><\/div><\/div><\/div><\/div><div class=\"fusion-fullwidth fullwidth-box fusion-builder-row-4 fusion-flex-container nonhundred-percent-fullwidth non-hundred-percent-height-scrolling\" style=\"--awb-background-position:left top;--awb-border-radius-top-left:0px;--awb-border-radius-top-right:0px;--awb-border-radius-bottom-right:0px;--awb-border-radius-bottom-left:0px;--awb-padding-top:60px;--awb-padding-right:0px;--awb-padding-bottom:20px;--awb-padding-left:0px;--awb-background-color:#ffffff;--awb-border-sizes-top:0px;--awb-border-sizes-bottom:0px;\" ><div class=\"fusion-builder-row fusion-row fusion-flex-align-items-flex-start\" style=\"max-width:1352px;margin-left: calc(-4% \/ 2 );margin-right: calc(-4% \/ 2 );\"><div class=\"fusion-layout-column fusion_builder_column fusion-builder-column-3 fusion_builder_column_1_5 1_5 fusion-flex-column\" style=\"--awb-bg-size:cover;--awb-width-large:20%;--awb-margin-top-large:0px;--awb-spacing-right-large:3.84%;--awb-margin-bottom-large:0px;--awb-spacing-left-large:9.6%;--awb-width-medium:20%;--awb-spacing-right-medium:3.84%;--awb-spacing-left-medium:9.6%;--awb-width-small:100%;--awb-spacing-right-small:1.92%;--awb-spacing-left-small:1.92%;\"><div class=\"fusion-column-wrapper fusion-flex-justify-content-flex-start fusion-content-layout-column\"><div class=\"fusion-image-element \" style=\"text-align:center;--awb-caption-title-size:var(--h2_typography-font-size);--awb-caption-title-transform:var(--h2_typography-text-transform);--awb-caption-title-line-height:var(--h2_typography-line-height);--awb-caption-title-letter-spacing:var(--h2_typography-letter-spacing);\"><span class=\" fusion-imageframe imageframe-none imageframe-2 hover-type-none\"><img decoding=\"async\" src=\"http:\/\/vlxb7zk77x3.c.updraftclone.com\/wp-content\/uploads\/logo_1stlevel.png\" alt class=\"img-responsive\"\/><\/span><\/div><\/div><\/div><div class=\"fusion-layout-column fusion_builder_column fusion-builder-column-4 fusion_builder_column_4_5 4_5 fusion-flex-column\" style=\"--awb-bg-size:cover;--awb-width-large:80%;--awb-margin-top-large:0px;--awb-spacing-right-large:2.4%;--awb-margin-bottom-large:0px;--awb-spacing-left-large:3.84%;--awb-width-medium:80%;--awb-spacing-right-medium:2.4%;--awb-spacing-left-medium:3.84%;--awb-width-small:100%;--awb-spacing-right-small:1.92%;--awb-spacing-left-small:1.92%;\"><div class=\"fusion-column-wrapper fusion-flex-justify-content-flex-start fusion-content-layout-column\"><div class=\"fusion-text fusion-text-3\"><p class=\"p1\"><b>1st Level ApS<br \/>\n<\/b>Baldersh\u00f8j 17 B<br \/>\n2635 Ish\u00f8j<\/p>\n<p class=\"p1\"><a href=\"\/?page_id=4810\">L\u00e6s mere om virksomheden<\/a><\/p>\n<\/div><\/div><\/div><div class=\"fusion-layout-column fusion_builder_column fusion-builder-column-5 fusion_builder_column_1_1 1_1 fusion-flex-column fusion-flex-align-self-flex-start fusion-column-no-min-height\" style=\"--awb-bg-size:cover;--awb-width-large:100%;--awb-margin-top-large:0px;--awb-spacing-right-large:1.92%;--awb-margin-bottom-large:0px;--awb-spacing-left-large:1.92%;--awb-width-medium:100%;--awb-spacing-right-medium:1.92%;--awb-spacing-left-medium:1.92%;--awb-width-small:100%;--awb-spacing-right-small:1.92%;--awb-spacing-left-small:1.92%;\"><div class=\"fusion-column-wrapper fusion-flex-justify-content-flex-start fusion-content-layout-column\"><div class=\"fusion-separator fusion-full-width-sep\" style=\"align-self: center;margin-left: auto;margin-right: auto;margin-bottom:30px;width:100%;\"><div class=\"fusion-separator-border sep-single sep-solid\" style=\"--awb-height:20px;--awb-amount:20px;--awb-sep-color:#cecece;border-color:#cecece;border-top-width:1px;\"><\/div><\/div><\/div><\/div><div class=\"fusion-layout-column fusion_builder_column fusion-builder-column-6 fusion_builder_column_1_5 1_5 fusion-flex-column\" style=\"--awb-bg-size:cover;--awb-width-large:20%;--awb-margin-top-large:0px;--awb-spacing-right-large:3.84%;--awb-margin-bottom-large:0px;--awb-spacing-left-large:9.6%;--awb-width-medium:20%;--awb-spacing-right-medium:3.84%;--awb-spacing-left-medium:9.6%;--awb-width-small:100%;--awb-spacing-right-small:1.92%;--awb-spacing-left-small:1.92%;\"><div class=\"fusion-column-wrapper fusion-flex-justify-content-flex-start fusion-content-layout-column\"><div class=\"fusion-image-element \" style=\"text-align:center;--awb-caption-title-size:var(--h2_typography-font-size);--awb-caption-title-transform:var(--h2_typography-text-transform);--awb-caption-title-line-height:var(--h2_typography-line-height);--awb-caption-title-letter-spacing:var(--h2_typography-letter-spacing);\"><span class=\" fusion-imageframe imageframe-none imageframe-3 hover-type-none\"><img decoding=\"async\" width=\"370\" height=\"250\" title=\"logo_dataconsult\" src=\"http:\/\/vlxb7zk77x3.c.updraftclone.com\/wp-content\/uploads\/logo_dataconsult.png\" alt class=\"img-responsive wp-image-4825\" srcset=\"https:\/\/vlxb7zk77x3.c.updraftclone.com\/wp-content\/uploads\/logo_dataconsult-30x20.png 30w, https:\/\/vlxb7zk77x3.c.updraftclone.com\/wp-content\/uploads\/logo_dataconsult-300x203.png 300w, https:\/\/vlxb7zk77x3.c.updraftclone.com\/wp-content\/uploads\/logo_dataconsult.png 370w\" sizes=\"(max-width: 370px) 100vw, 370px\" \/><\/span><\/div><\/div><\/div><div class=\"fusion-layout-column fusion_builder_column fusion-builder-column-7 fusion_builder_column_4_5 4_5 fusion-flex-column\" style=\"--awb-bg-size:cover;--awb-width-large:80%;--awb-margin-top-large:0px;--awb-spacing-right-large:2.4%;--awb-margin-bottom-large:0px;--awb-spacing-left-large:3.84%;--awb-width-medium:80%;--awb-spacing-right-medium:2.4%;--awb-spacing-left-medium:3.84%;--awb-width-small:100%;--awb-spacing-right-small:1.92%;--awb-spacing-left-small:1.92%;\"><div class=\"fusion-column-wrapper fusion-flex-justify-content-flex-start fusion-content-layout-column\"><div class=\"fusion-text fusion-text-4\"><p class=\"p1\"><b>DataConsult<br \/>\n<\/b>Industrivej 9B,<br \/>\n4652 H\u00e5rlev<\/p>\n<p class=\"p1\"><a href=\"\/?page_id=4822\">L\u00e6s mere om virksomheden<\/a><\/p>\n<\/div><\/div><\/div><div class=\"fusion-layout-column fusion_builder_column fusion-builder-column-8 fusion_builder_column_1_1 1_1 fusion-flex-column fusion-flex-align-self-flex-start fusion-column-no-min-height\" style=\"--awb-bg-size:cover;--awb-width-large:100%;--awb-margin-top-large:0px;--awb-spacing-right-large:1.92%;--awb-margin-bottom-large:0px;--awb-spacing-left-large:1.92%;--awb-width-medium:100%;--awb-spacing-right-medium:1.92%;--awb-spacing-left-medium:1.92%;--awb-width-small:100%;--awb-spacing-right-small:1.92%;--awb-spacing-left-small:1.92%;\"><div class=\"fusion-column-wrapper fusion-flex-justify-content-flex-start fusion-content-layout-column\"><div class=\"fusion-separator fusion-full-width-sep\" style=\"align-self: center;margin-left: auto;margin-right: auto;margin-bottom:30px;width:100%;\"><div class=\"fusion-separator-border sep-single sep-solid\" style=\"--awb-height:20px;--awb-amount:20px;--awb-sep-color:#cecece;border-color:#cecece;border-top-width:1px;\"><\/div><\/div><\/div><\/div><div class=\"fusion-layout-column fusion_builder_column fusion-builder-column-9 fusion_builder_column_1_5 1_5 fusion-flex-column\" style=\"--awb-bg-size:cover;--awb-width-large:20%;--awb-margin-top-large:0px;--awb-spacing-right-large:3.84%;--awb-margin-bottom-large:0px;--awb-spacing-left-large:9.6%;--awb-width-medium:20%;--awb-spacing-right-medium:3.84%;--awb-spacing-left-medium:9.6%;--awb-width-small:100%;--awb-spacing-right-small:1.92%;--awb-spacing-left-small:1.92%;\"><div class=\"fusion-column-wrapper fusion-flex-justify-content-flex-start fusion-content-layout-column\"><div class=\"fusion-image-element \" style=\"text-align:center;--awb-caption-title-size:var(--h2_typography-font-size);--awb-caption-title-transform:var(--h2_typography-text-transform);--awb-caption-title-line-height:var(--h2_typography-line-height);--awb-caption-title-letter-spacing:var(--h2_typography-letter-spacing);\"><span class=\" fusion-imageframe imageframe-none imageframe-4 hover-type-none\"><img decoding=\"async\" width=\"300\" height=\"203\" title=\"logo_procopa\" src=\"http:\/\/vlxb7zk77x3.c.updraftclone.com\/wp-content\/uploads\/logo_procopa.png\" alt class=\"img-responsive wp-image-11763\" srcset=\"https:\/\/vlxb7zk77x3.c.updraftclone.com\/wp-content\/uploads\/logo_procopa-200x135.png 200w, https:\/\/vlxb7zk77x3.c.updraftclone.com\/wp-content\/uploads\/logo_procopa.png 300w\" sizes=\"(max-width: 640px) 100vw, 300px\" \/><\/span><\/div><\/div><\/div><div class=\"fusion-layout-column fusion_builder_column fusion-builder-column-10 fusion_builder_column_4_5 4_5 fusion-flex-column\" style=\"--awb-bg-size:cover;--awb-width-large:80%;--awb-margin-top-large:0px;--awb-spacing-right-large:2.4%;--awb-margin-bottom-large:0px;--awb-spacing-left-large:3.84%;--awb-width-medium:80%;--awb-spacing-right-medium:2.4%;--awb-spacing-left-medium:3.84%;--awb-width-small:100%;--awb-spacing-right-small:1.92%;--awb-spacing-left-small:1.92%;\"><div class=\"fusion-column-wrapper fusion-flex-justify-content-flex-start fusion-content-layout-column\"><div class=\"fusion-text fusion-text-5\"><p class=\"p1\"><b>Procopa IT<br \/>\n<\/b>Ringager 4E<br \/>\nDK-2605 Br\u00f8ndby<\/p>\n<p><a href=\"\/?page_id=7764\">L\u00e6s mere om virksomheden<\/a><\/p>\n<\/div><\/div><\/div><\/div><\/div><\/p>\n","protected":false},"excerpt":{"rendered":"","protected":false},"author":3,"featured_media":0,"parent":417,"menu_order":0,"comment_status":"closed","ping_status":"open","template":"100-width.php","meta":{"footnotes":""},"yoast_head":"<!-- This site is optimized with the Yoast SEO plugin v24.4 - https:\/\/yoast.com\/wordpress\/plugins\/seo\/ -->\n<title>PrinterGuys samarbejder med IT-forhandlere over hele landet.<\/title>\n<meta name=\"description\" content=\"Som kunde kan du opleve, at din nye kopimaskine bliver leveret af PrinterGuys og installationen p\u00e5 dine computere fortages af en lokal IT-forhandler.\" \/>\n<meta name=\"robots\" content=\"noindex, follow\" \/>\n<meta property=\"og:locale\" content=\"da_DK\" \/>\n<meta property=\"og:type\" content=\"article\" \/>\n<meta property=\"og:title\" content=\"PrinterGuys samarbejder med IT-forhandlere over hele landet.\" \/>\n<meta property=\"og:description\" content=\"Som kunde kan du opleve, at din nye kopimaskine bliver leveret af PrinterGuys og installationen p\u00e5 dine computere fortages af en lokal IT-forhandler.\" \/>\n<meta property=\"og:url\" content=\"https:\/\/vlxb7zk77x3.c.updraftclone.com\/om-os-der-lejer-kopimaskiner-ud\/samarbejdspartnere\/\" \/>\n<meta property=\"og:site_name\" content=\"PrinterGuys\" \/>\n<meta property=\"article:publisher\" content=\"https:\/\/www.facebook.com\/printerguys\" \/>\n<meta property=\"article:modified_time\" content=\"2020-12-21T21:38:09+00:00\" \/>\n<meta property=\"og:image\" content=\"http:\/\/vlxb7zk77x3.c.updraftclone.com\/wp-content\/uploads\/samarbejdspartnere.png\" \/>\n<meta name=\"twitter:card\" content=\"summary_large_image\" \/>\n<meta name=\"twitter:label1\" content=\"Estimeret l\u00e6setid\" \/>\n\t<meta name=\"twitter:data1\" content=\"7 minutter\" \/>\n<script type=\"application\/ld+json\" class=\"yoast-schema-graph\">{\"@context\":\"https:\/\/schema.org\",\"@graph\":[{\"@type\":\"WebPage\",\"@id\":\"https:\/\/vlxb7zk77x3.c.updraftclone.com\/om-os-der-lejer-kopimaskiner-ud\/samarbejdspartnere\/\",\"url\":\"https:\/\/vlxb7zk77x3.c.updraftclone.com\/om-os-der-lejer-kopimaskiner-ud\/samarbejdspartnere\/\",\"name\":\"PrinterGuys samarbejder med IT-forhandlere over hele landet.\",\"isPartOf\":{\"@id\":\"https:\/\/vlxb7zk77x3.c.updraftclone.com\/#website\"},\"primaryImageOfPage\":{\"@id\":\"https:\/\/vlxb7zk77x3.c.updraftclone.com\/om-os-der-lejer-kopimaskiner-ud\/samarbejdspartnere\/#primaryimage\"},\"image\":{\"@id\":\"https:\/\/vlxb7zk77x3.c.updraftclone.com\/om-os-der-lejer-kopimaskiner-ud\/samarbejdspartnere\/#primaryimage\"},\"thumbnailUrl\":\"http:\/\/vlxb7zk77x3.c.updraftclone.com\/wp-content\/uploads\/samarbejdspartnere.png\",\"datePublished\":\"2017-01-30T11:18:13+00:00\",\"dateModified\":\"2020-12-21T21:38:09+00:00\",\"description\":\"Som kunde kan du opleve, at din nye kopimaskine bliver leveret af PrinterGuys og installationen p\u00e5 dine computere fortages af en lokal IT-forhandler.\",\"breadcrumb\":{\"@id\":\"https:\/\/vlxb7zk77x3.c.updraftclone.com\/om-os-der-lejer-kopimaskiner-ud\/samarbejdspartnere\/#breadcrumb\"},\"inLanguage\":\"da-DK\",\"potentialAction\":[{\"@type\":\"ReadAction\",\"target\":[\"https:\/\/vlxb7zk77x3.c.updraftclone.com\/om-os-der-lejer-kopimaskiner-ud\/samarbejdspartnere\/\"]}]},{\"@type\":\"ImageObject\",\"inLanguage\":\"da-DK\",\"@id\":\"https:\/\/vlxb7zk77x3.c.updraftclone.com\/om-os-der-lejer-kopimaskiner-ud\/samarbejdspartnere\/#primaryimage\",\"url\":\"http:\/\/vlxb7zk77x3.c.updraftclone.com\/wp-content\/uploads\/samarbejdspartnere.png\",\"contentUrl\":\"http:\/\/vlxb7zk77x3.c.updraftclone.com\/wp-content\/uploads\/samarbejdspartnere.png\"},{\"@type\":\"BreadcrumbList\",\"@id\":\"https:\/\/vlxb7zk77x3.c.updraftclone.com\/om-os-der-lejer-kopimaskiner-ud\/samarbejdspartnere\/#breadcrumb\",\"itemListElement\":[{\"@type\":\"ListItem\",\"position\":1,\"name\":\"Home\",\"item\":\"https:\/\/vlxb7zk77x3.c.updraftclone.com\/\"},{\"@type\":\"ListItem\",\"position\":2,\"name\":\"Om os\",\"item\":\"https:\/\/vlxb7zk77x3.c.updraftclone.com\/om-os-der-lejer-kopimaskiner-ud\/\"},{\"@type\":\"ListItem\",\"position\":3,\"name\":\"Samarbejdspartnere\"}]},{\"@type\":\"WebSite\",\"@id\":\"https:\/\/vlxb7zk77x3.c.updraftclone.com\/#website\",\"url\":\"https:\/\/vlxb7zk77x3.c.updraftclone.com\/\",\"name\":\"PrinterGuys\",\"description\":\"\",\"publisher\":{\"@id\":\"https:\/\/vlxb7zk77x3.c.updraftclone.com\/#organization\"},\"potentialAction\":[{\"@type\":\"SearchAction\",\"target\":{\"@type\":\"EntryPoint\",\"urlTemplate\":\"https:\/\/vlxb7zk77x3.c.updraftclone.com\/?s={search_term_string}\"},\"query-input\":{\"@type\":\"PropertyValueSpecification\",\"valueRequired\":true,\"valueName\":\"search_term_string\"}}],\"inLanguage\":\"da-DK\"},{\"@type\":\"Organization\",\"@id\":\"https:\/\/vlxb7zk77x3.c.updraftclone.com\/#organization\",\"name\":\"PrinterGuys\",\"url\":\"https:\/\/vlxb7zk77x3.c.updraftclone.com\/\",\"logo\":{\"@type\":\"ImageObject\",\"inLanguage\":\"da-DK\",\"@id\":\"https:\/\/vlxb7zk77x3.c.updraftclone.com\/#\/schema\/logo\/image\/\",\"url\":\"http:\/\/vlxb7zk77x3.c.updraftclone.com\/wp-content\/uploads\/PG-Yoast.jpg\",\"contentUrl\":\"http:\/\/vlxb7zk77x3.c.updraftclone.com\/wp-content\/uploads\/PG-Yoast.jpg\",\"width\":696,\"height\":696,\"caption\":\"PrinterGuys\"},\"image\":{\"@id\":\"https:\/\/vlxb7zk77x3.c.updraftclone.com\/#\/schema\/logo\/image\/\"},\"sameAs\":[\"https:\/\/www.facebook.com\/printerguys\",\"https:\/\/www.linkedin.com\/company\/9422767\"]}]}<\/script>\n<!-- \/ Yoast SEO plugin. -->","yoast_head_json":{"title":"PrinterGuys samarbejder med IT-forhandlere over hele landet.","description":"Som kunde kan du opleve, at din nye kopimaskine bliver leveret af PrinterGuys og installationen p\u00e5 dine computere fortages af en lokal IT-forhandler.","robots":{"index":"noindex","follow":"follow"},"og_locale":"da_DK","og_type":"article","og_title":"PrinterGuys samarbejder med IT-forhandlere over hele landet.","og_description":"Som kunde kan du opleve, at din nye kopimaskine bliver leveret af PrinterGuys og installationen p\u00e5 dine computere fortages af en lokal IT-forhandler.","og_url":"https:\/\/vlxb7zk77x3.c.updraftclone.com\/om-os-der-lejer-kopimaskiner-ud\/samarbejdspartnere\/","og_site_name":"PrinterGuys","article_publisher":"https:\/\/www.facebook.com\/printerguys","article_modified_time":"2020-12-21T21:38:09+00:00","og_image":[{"url":"http:\/\/vlxb7zk77x3.c.updraftclone.com\/wp-content\/uploads\/samarbejdspartnere.png","type":"","width":"","height":""}],"twitter_card":"summary_large_image","twitter_misc":{"Estimeret l\u00e6setid":"7 minutter"},"schema":{"@context":"https:\/\/schema.org","@graph":[{"@type":"WebPage","@id":"https:\/\/vlxb7zk77x3.c.updraftclone.com\/om-os-der-lejer-kopimaskiner-ud\/samarbejdspartnere\/","url":"https:\/\/vlxb7zk77x3.c.updraftclone.com\/om-os-der-lejer-kopimaskiner-ud\/samarbejdspartnere\/","name":"PrinterGuys samarbejder med IT-forhandlere over hele landet.","isPartOf":{"@id":"https:\/\/vlxb7zk77x3.c.updraftclone.com\/#website"},"primaryImageOfPage":{"@id":"https:\/\/vlxb7zk77x3.c.updraftclone.com\/om-os-der-lejer-kopimaskiner-ud\/samarbejdspartnere\/#primaryimage"},"image":{"@id":"https:\/\/vlxb7zk77x3.c.updraftclone.com\/om-os-der-lejer-kopimaskiner-ud\/samarbejdspartnere\/#primaryimage"},"thumbnailUrl":"http:\/\/vlxb7zk77x3.c.updraftclone.com\/wp-content\/uploads\/samarbejdspartnere.png","datePublished":"2017-01-30T11:18:13+00:00","dateModified":"2020-12-21T21:38:09+00:00","description":"Som kunde kan du opleve, at din nye kopimaskine bliver leveret af PrinterGuys og installationen p\u00e5 dine computere fortages af en lokal IT-forhandler.","breadcrumb":{"@id":"https:\/\/vlxb7zk77x3.c.updraftclone.com\/om-os-der-lejer-kopimaskiner-ud\/samarbejdspartnere\/#breadcrumb"},"inLanguage":"da-DK","potentialAction":[{"@type":"ReadAction","target":["https:\/\/vlxb7zk77x3.c.updraftclone.com\/om-os-der-lejer-kopimaskiner-ud\/samarbejdspartnere\/"]}]},{"@type":"ImageObject","inLanguage":"da-DK","@id":"https:\/\/vlxb7zk77x3.c.updraftclone.com\/om-os-der-lejer-kopimaskiner-ud\/samarbejdspartnere\/#primaryimage","url":"http:\/\/vlxb7zk77x3.c.updraftclone.com\/wp-content\/uploads\/samarbejdspartnere.png","contentUrl":"http:\/\/vlxb7zk77x3.c.updraftclone.com\/wp-content\/uploads\/samarbejdspartnere.png"},{"@type":"BreadcrumbList","@id":"https:\/\/vlxb7zk77x3.c.updraftclone.com\/om-os-der-lejer-kopimaskiner-ud\/samarbejdspartnere\/#breadcrumb","itemListElement":[{"@type":"ListItem","position":1,"name":"Home","item":"https:\/\/vlxb7zk77x3.c.updraftclone.com\/"},{"@type":"ListItem","position":2,"name":"Om os","item":"https:\/\/vlxb7zk77x3.c.updraftclone.com\/om-os-der-lejer-kopimaskiner-ud\/"},{"@type":"ListItem","position":3,"name":"Samarbejdspartnere"}]},{"@type":"WebSite","@id":"https:\/\/vlxb7zk77x3.c.updraftclone.com\/#website","url":"https:\/\/vlxb7zk77x3.c.updraftclone.com\/","name":"PrinterGuys","description":"","publisher":{"@id":"https:\/\/vlxb7zk77x3.c.updraftclone.com\/#organization"},"potentialAction":[{"@type":"SearchAction","target":{"@type":"EntryPoint","urlTemplate":"https:\/\/vlxb7zk77x3.c.updraftclone.com\/?s={search_term_string}"},"query-input":{"@type":"PropertyValueSpecification","valueRequired":true,"valueName":"search_term_string"}}],"inLanguage":"da-DK"},{"@type":"Organization","@id":"https:\/\/vlxb7zk77x3.c.updraftclone.com\/#organization","name":"PrinterGuys","url":"https:\/\/vlxb7zk77x3.c.updraftclone.com\/","logo":{"@type":"ImageObject","inLanguage":"da-DK","@id":"https:\/\/vlxb7zk77x3.c.updraftclone.com\/#\/schema\/logo\/image\/","url":"http:\/\/vlxb7zk77x3.c.updraftclone.com\/wp-content\/uploads\/PG-Yoast.jpg","contentUrl":"http:\/\/vlxb7zk77x3.c.updraftclone.com\/wp-content\/uploads\/PG-Yoast.jpg","width":696,"height":696,"caption":"PrinterGuys"},"image":{"@id":"https:\/\/vlxb7zk77x3.c.updraftclone.com\/#\/schema\/logo\/image\/"},"sameAs":["https:\/\/www.facebook.com\/printerguys","https:\/\/www.linkedin.com\/company\/9422767"]}]}},"_links":{"self":[{"href":"https:\/\/vlxb7zk77x3.c.updraftclone.com\/da\/wp-json\/wp\/v2\/pages\/4766"}],"collection":[{"href":"https:\/\/vlxb7zk77x3.c.updraftclone.com\/da\/wp-json\/wp\/v2\/pages"}],"about":[{"href":"https:\/\/vlxb7zk77x3.c.updraftclone.com\/da\/wp-json\/wp\/v2\/types\/page"}],"author":[{"embeddable":true,"href":"https:\/\/vlxb7zk77x3.c.updraftclone.com\/da\/wp-json\/wp\/v2\/users\/3"}],"replies":[{"embeddable":true,"href":"https:\/\/vlxb7zk77x3.c.updraftclone.com\/da\/wp-json\/wp\/v2\/comments?post=4766"}],"version-history":[{"count":5,"href":"https:\/\/vlxb7zk77x3.c.updraftclone.com\/da\/wp-json\/wp\/v2\/pages\/4766\/revisions"}],"predecessor-version":[{"id":11769,"href":"https:\/\/vlxb7zk77x3.c.updraftclone.com\/da\/wp-json\/wp\/v2\/pages\/4766\/revisions\/11769"}],"up":[{"embeddable":true,"href":"https:\/\/vlxb7zk77x3.c.updraftclone.com\/da\/wp-json\/wp\/v2\/pages\/417"}],"wp:attachment":[{"href":"https:\/\/vlxb7zk77x3.c.updraftclone.com\/da\/wp-json\/wp\/v2\/media?parent=4766"}],"curies":[{"name":"wp","href":"https:\/\/api.w.org\/{rel}","templated":true}]}}